{"id":870,"date":"2026-03-25T13:37:52","date_gmt":"2026-03-25T13:37:52","guid":{"rendered":"https:\/\/rsbobinas.com\/?post_type=product&#038;p=870"},"modified":"2026-03-25T13:51:54","modified_gmt":"2026-03-25T13:51:54","slug":"bobinas-termicas-57x300-branca-caixa-com-06-bobinas","status":"publish","type":"product","link":"https:\/\/rsbobinas.com\/index.php\/produto\/bobinas-termicas-57x300-branca-caixa-com-06-bobinas\/","title":{"rendered":"BOBINAS T\u00c9RMICAS 57X300 BRANCA CAIXA COM 06 BOBINAS"},"content":{"rendered":"<p>&nbsp;<\/p>\n<p>&nbsp;<\/p>\n<p><img decoding=\"async\" src=\"https:\/\/rsbobinas.com\/wp-content\/uploads\/2020\/11\/RS-BOBINAS-MED-BOB-150x150.jpg\" \/><\/p>\n<p><strong>BOBINAS T\u00c9RMICAS 57X300 BRANCA<\/strong><\/p>\n<ul>\n<li>Para rel\u00f3gio ponto (REP)<\/li>\n<li>Cor \u2013 Branca<\/li>\n<li>Gramatura \u2013 48GR \u00b1 2,2 g\/m\u00b2<\/li>\n<li>\u00a0Largura: 57mm ou seja (5,7cm)<\/li>\n<li>Comprimento:\u00a0300 metros<\/li>\n<li>Marca: RSDML<\/li>\n<li>Espessura \u2013 48 mm\/1000 (Toler\u00e2ncia +- 5%)<\/li>\n<li>Di\u00e2metro M\u00e1ximo: 145mm<\/li>\n<li>Tubete Interno \u2013 12 mm<\/li>\n<li>Aplica\u00e7\u00f5es \u2013 Impressora T\u00e9rmica Direta<\/li>\n<li>Itens inclusos: 01 Caixa com\u00a006 unidades<\/li>\n<li>Condi\u00e7\u00f5es de estocagem* \u2013 umidade ideal entre 45 a 60%, calor m\u00e1ximo 38\u00b0<\/li>\n<li>Final da bobina \u2013 desenrola-se livremente sem fixa\u00e7\u00e3o ao tubete<\/li>\n<\/ul>\n<p>Imagem ilustrativa, bem como; modelos citados apenas como refer\u00eancia ilustrativa. Consulte o manual de sua impressora para uso correto do produto.<\/p>\n<p><a href=\"https:\/\/rsbobinas.com\/\">Produtos<\/a><\/p>\n<p>D\u00favidas? Entre em<a href=\"mailto:contato@rsbobinastermicas.com\"> contato@rsbobinastermicas.com<\/a> ou ligue para (41)9 99488832 WHATSAPP<\/p>\n<p>BOBINAS T\u00c9RMICAS 57X300 BRANCA<\/p>\n<p><a href=\"https:\/\/rsbobinastermicas.com\">COMPRE ONLINE<\/a><\/p>\n","protected":false},"excerpt":{"rendered":"<div class=\"woocommerce-product-details__short-description\">\n<p style=\"text-align: center;\"><strong>BOBINAS T\u00c9RMICAS 57X300 BRANCA (REP)<\/strong><\/p>\n<p><strong>BOBINA T\u00c9RMICA 57X300 REP (para rel\u00f3gio ponto) \u2013 Tem estabilidade da impress\u00e3o de at\u00e9 5 anos sob condi\u00e7\u00f5es normais de arquivamento, em ambiente com temperatura m\u00e1xima de 38 \u00b0c e 60% de UR m\u00e1xima, sem exposi\u00e7\u00e3o direta \u00e0 luz solar, l\u00e2mpada fluorescente, sem contato com produtos qu\u00edmicos, superf\u00edcies pl\u00e1sticas e umidade antes e ap\u00f3s o uso.<\/strong><\/p>\n<p><strong>\u2013 Gramatura do papel \u2013 48\/m2+-5%.<\/strong><\/p>\n<p><strong>\u2013 Alta defini\u00e7\u00e3o da impress\u00e3o \u2013 excel\u00eancia densidade do grafismo impresso.<\/strong><\/p>\n[njwa_button id=\"111\"]\n<\/div>\n","protected":false},"featured_media":45,"template":"","meta":[],"product_brand":[],"product_cat":[19],"product_tag":[],"class_list":{"0":"post-870","1":"product","2":"type-product","3":"status-publish","4":"has-post-thumbnail","6":"product_cat-bobinas-termicas","8":"first","9":"instock","10":"shipping-taxable","11":"product-type-simple"},"yoast_head":"<!-- This site is optimized with the Yoast SEO plugin v27.3 - https:\/\/yoast.com\/product\/yoast-seo-wordpress\/ -->\n<title>BOBINAS T\u00c9RMICAS 57X300 BRANCA CAIXA COM 06 BOBINAS - RS BOBINAS<\/title>\n<meta name=\"description\" content=\"BOBINAS T\u00c9RMICAS 57X300 BRANCA, para Rel\u00f3gio ponto (REP), papel 48 gramas, tubete 12mm, caixas com 6 unidades. Produto de \u00f3tima qualidade.\" \/>\n<meta name=\"robots\" content=\"index, follow, max-snippet:-1, max-image-preview:large, max-video-preview:-1\" \/>\n<link rel=\"canonical\" href=\"https:\/\/rsbobinas.com\/index.php\/produto\/bobinas-termicas-57x300-branca-caixa-com-06-bobinas\/\" \/>\n<meta property=\"og:locale\" content=\"pt_BR\" \/>\n<meta property=\"og:type\" content=\"article\" \/>\n<meta property=\"og:title\" content=\"BOBINAS T\u00c9RMICAS 57X300 BRANCA CAIXA COM 06 BOBINAS - RS BOBINAS\" \/>\n<meta property=\"og:description\" content=\"BOBINAS T\u00c9RMICAS 57X300 BRANCA, para Rel\u00f3gio ponto (REP), papel 48 gramas, tubete 12mm, caixas com 6 unidades. Produto de \u00f3tima qualidade.\" \/>\n<meta property=\"og:url\" content=\"https:\/\/rsbobinas.com\/index.php\/produto\/bobinas-termicas-57x300-branca-caixa-com-06-bobinas\/\" \/>\n<meta property=\"og:site_name\" content=\"RS BOBINAS\" \/>\n<meta property=\"article:modified_time\" content=\"2026-03-25T13:51:54+00:00\" \/>\n<meta property=\"og:image\" content=\"https:\/\/rsbobinas.com\/wp-content\/uploads\/2020\/11\/RS-BOBINAS-bobinarelogio-57X150.jpg\" \/>\n\t<meta property=\"og:image:width\" content=\"865\" \/>\n\t<meta property=\"og:image:height\" content=\"374\" \/>\n\t<meta property=\"og:image:type\" content=\"image\/jpeg\" \/>\n<meta name=\"twitter:card\" content=\"summary_large_image\" \/>\n<meta name=\"twitter:label1\" content=\"Est. tempo de leitura\" \/>\n\t<meta name=\"twitter:data1\" content=\"1 minuto\" \/>\n<script type=\"application\/ld+json\" class=\"yoast-schema-graph\">{\"@context\":\"https:\\\/\\\/schema.org\",\"@graph\":[{\"@type\":\"WebPage\",\"@id\":\"https:\\\/\\\/rsbobinas.com\\\/index.php\\\/produto\\\/bobinas-termicas-57x300-branca-caixa-com-06-bobinas\\\/\",\"url\":\"https:\\\/\\\/rsbobinas.com\\\/index.php\\\/produto\\\/bobinas-termicas-57x300-branca-caixa-com-06-bobinas\\\/\",\"name\":\"BOBINAS T\u00c9RMICAS 57X300 BRANCA CAIXA COM 06 BOBINAS - RS BOBINAS\",\"isPartOf\":{\"@id\":\"https:\\\/\\\/rsbobinas.com\\\/#website\"},\"primaryImageOfPage\":{\"@id\":\"https:\\\/\\\/rsbobinas.com\\\/index.php\\\/produto\\\/bobinas-termicas-57x300-branca-caixa-com-06-bobinas\\\/#primaryimage\"},\"image\":{\"@id\":\"https:\\\/\\\/rsbobinas.com\\\/index.php\\\/produto\\\/bobinas-termicas-57x300-branca-caixa-com-06-bobinas\\\/#primaryimage\"},\"thumbnailUrl\":\"https:\\\/\\\/rsbobinas.com\\\/wp-content\\\/uploads\\\/2020\\\/11\\\/RS-BOBINAS-bobinarelogio-57X150.jpg\",\"datePublished\":\"2026-03-25T13:37:52+00:00\",\"dateModified\":\"2026-03-25T13:51:54+00:00\",\"description\":\"BOBINAS T\u00c9RMICAS 57X300 BRANCA, para Rel\u00f3gio ponto (REP), papel 48 gramas, tubete 12mm, caixas com 6 unidades. Produto de \u00f3tima qualidade.\",\"breadcrumb\":{\"@id\":\"https:\\\/\\\/rsbobinas.com\\\/index.php\\\/produto\\\/bobinas-termicas-57x300-branca-caixa-com-06-bobinas\\\/#breadcrumb\"},\"inLanguage\":\"pt-BR\",\"potentialAction\":[{\"@type\":\"ReadAction\",\"target\":[\"https:\\\/\\\/rsbobinas.com\\\/index.php\\\/produto\\\/bobinas-termicas-57x300-branca-caixa-com-06-bobinas\\\/\"]}]},{\"@type\":\"ImageObject\",\"inLanguage\":\"pt-BR\",\"@id\":\"https:\\\/\\\/rsbobinas.com\\\/index.php\\\/produto\\\/bobinas-termicas-57x300-branca-caixa-com-06-bobinas\\\/#primaryimage\",\"url\":\"https:\\\/\\\/rsbobinas.com\\\/wp-content\\\/uploads\\\/2020\\\/11\\\/RS-BOBINAS-bobinarelogio-57X150.jpg\",\"contentUrl\":\"https:\\\/\\\/rsbobinas.com\\\/wp-content\\\/uploads\\\/2020\\\/11\\\/RS-BOBINAS-bobinarelogio-57X150.jpg\",\"width\":865,\"height\":374,\"caption\":\"BOBINAS T\u00c9RMICAS 57X300 BRANCA\"},{\"@type\":\"BreadcrumbList\",\"@id\":\"https:\\\/\\\/rsbobinas.com\\\/index.php\\\/produto\\\/bobinas-termicas-57x300-branca-caixa-com-06-bobinas\\\/#breadcrumb\",\"itemListElement\":[{\"@type\":\"ListItem\",\"position\":1,\"name\":\"In\u00edcio\",\"item\":\"https:\\\/\\\/rsbobinas.com\\\/\"},{\"@type\":\"ListItem\",\"position\":2,\"name\":\"Produtos\",\"item\":\"https:\\\/\\\/rsbobinas.com\\\/\"},{\"@type\":\"ListItem\",\"position\":3,\"name\":\"BOBINAS T\u00c9RMICAS 57X300 BRANCA CAIXA COM 06 BOBINAS\"}]},{\"@type\":\"WebSite\",\"@id\":\"https:\\\/\\\/rsbobinas.com\\\/#website\",\"url\":\"https:\\\/\\\/rsbobinas.com\\\/\",\"name\":\"RS BOBINAS\",\"description\":\"(41) 9 99488832  (41) 32791000  Bobinas t\u00e9rmicas para ECF, NFe, PDV, rel\u00f3gio ponto, senha, cart\u00e3o, totem, etiquetas t\u00e9rmicas e outros\",\"publisher\":{\"@id\":\"https:\\\/\\\/rsbobinas.com\\\/#organization\"},\"potentialAction\":[{\"@type\":\"SearchAction\",\"target\":{\"@type\":\"EntryPoint\",\"urlTemplate\":\"https:\\\/\\\/rsbobinas.com\\\/?s={search_term_string}\"},\"query-input\":{\"@type\":\"PropertyValueSpecification\",\"valueRequired\":true,\"valueName\":\"search_term_string\"}}],\"inLanguage\":\"pt-BR\"},{\"@type\":\"Organization\",\"@id\":\"https:\\\/\\\/rsbobinas.com\\\/#organization\",\"name\":\"RS BOBINAS\",\"url\":\"https:\\\/\\\/rsbobinas.com\\\/\",\"logo\":{\"@type\":\"ImageObject\",\"inLanguage\":\"pt-BR\",\"@id\":\"https:\\\/\\\/rsbobinas.com\\\/#\\\/schema\\\/logo\\\/image\\\/\",\"url\":\"https:\\\/\\\/rsbobinas.com\\\/wp-content\\\/uploads\\\/2021\\\/01\\\/RS-BOBINAS-LOGO.jpg\",\"contentUrl\":\"https:\\\/\\\/rsbobinas.com\\\/wp-content\\\/uploads\\\/2021\\\/01\\\/RS-BOBINAS-LOGO.jpg\",\"width\":440,\"height\":129,\"caption\":\"RS BOBINAS\"},\"image\":{\"@id\":\"https:\\\/\\\/rsbobinas.com\\\/#\\\/schema\\\/logo\\\/image\\\/\"}}]}<\/script>\n<!-- \/ Yoast SEO plugin. -->","yoast_head_json":{"title":"BOBINAS T\u00c9RMICAS 57X300 BRANCA CAIXA COM 06 BOBINAS - RS BOBINAS","description":"BOBINAS T\u00c9RMICAS 57X300 BRANCA, para Rel\u00f3gio ponto (REP), papel 48 gramas, tubete 12mm, caixas com 6 unidades. Produto de \u00f3tima qualidade.","robots":{"index":"index","follow":"follow","max-snippet":"max-snippet:-1","max-image-preview":"max-image-preview:large","max-video-preview":"max-video-preview:-1"},"canonical":"https:\/\/rsbobinas.com\/index.php\/produto\/bobinas-termicas-57x300-branca-caixa-com-06-bobinas\/","og_locale":"pt_BR","og_type":"article","og_title":"BOBINAS T\u00c9RMICAS 57X300 BRANCA CAIXA COM 06 BOBINAS - RS BOBINAS","og_description":"BOBINAS T\u00c9RMICAS 57X300 BRANCA, para Rel\u00f3gio ponto (REP), papel 48 gramas, tubete 12mm, caixas com 6 unidades. Produto de \u00f3tima qualidade.","og_url":"https:\/\/rsbobinas.com\/index.php\/produto\/bobinas-termicas-57x300-branca-caixa-com-06-bobinas\/","og_site_name":"RS BOBINAS","article_modified_time":"2026-03-25T13:51:54+00:00","og_image":[{"width":865,"height":374,"url":"https:\/\/rsbobinas.com\/wp-content\/uploads\/2020\/11\/RS-BOBINAS-bobinarelogio-57X150.jpg","type":"image\/jpeg"}],"twitter_card":"summary_large_image","twitter_misc":{"Est. tempo de leitura":"1 minuto"},"schema":{"@context":"https:\/\/schema.org","@graph":[{"@type":"WebPage","@id":"https:\/\/rsbobinas.com\/index.php\/produto\/bobinas-termicas-57x300-branca-caixa-com-06-bobinas\/","url":"https:\/\/rsbobinas.com\/index.php\/produto\/bobinas-termicas-57x300-branca-caixa-com-06-bobinas\/","name":"BOBINAS T\u00c9RMICAS 57X300 BRANCA CAIXA COM 06 BOBINAS - RS BOBINAS","isPartOf":{"@id":"https:\/\/rsbobinas.com\/#website"},"primaryImageOfPage":{"@id":"https:\/\/rsbobinas.com\/index.php\/produto\/bobinas-termicas-57x300-branca-caixa-com-06-bobinas\/#primaryimage"},"image":{"@id":"https:\/\/rsbobinas.com\/index.php\/produto\/bobinas-termicas-57x300-branca-caixa-com-06-bobinas\/#primaryimage"},"thumbnailUrl":"https:\/\/rsbobinas.com\/wp-content\/uploads\/2020\/11\/RS-BOBINAS-bobinarelogio-57X150.jpg","datePublished":"2026-03-25T13:37:52+00:00","dateModified":"2026-03-25T13:51:54+00:00","description":"BOBINAS T\u00c9RMICAS 57X300 BRANCA, para Rel\u00f3gio ponto (REP), papel 48 gramas, tubete 12mm, caixas com 6 unidades. Produto de \u00f3tima qualidade.","breadcrumb":{"@id":"https:\/\/rsbobinas.com\/index.php\/produto\/bobinas-termicas-57x300-branca-caixa-com-06-bobinas\/#breadcrumb"},"inLanguage":"pt-BR","potentialAction":[{"@type":"ReadAction","target":["https:\/\/rsbobinas.com\/index.php\/produto\/bobinas-termicas-57x300-branca-caixa-com-06-bobinas\/"]}]},{"@type":"ImageObject","inLanguage":"pt-BR","@id":"https:\/\/rsbobinas.com\/index.php\/produto\/bobinas-termicas-57x300-branca-caixa-com-06-bobinas\/#primaryimage","url":"https:\/\/rsbobinas.com\/wp-content\/uploads\/2020\/11\/RS-BOBINAS-bobinarelogio-57X150.jpg","contentUrl":"https:\/\/rsbobinas.com\/wp-content\/uploads\/2020\/11\/RS-BOBINAS-bobinarelogio-57X150.jpg","width":865,"height":374,"caption":"BOBINAS T\u00c9RMICAS 57X300 BRANCA"},{"@type":"BreadcrumbList","@id":"https:\/\/rsbobinas.com\/index.php\/produto\/bobinas-termicas-57x300-branca-caixa-com-06-bobinas\/#breadcrumb","itemListElement":[{"@type":"ListItem","position":1,"name":"In\u00edcio","item":"https:\/\/rsbobinas.com\/"},{"@type":"ListItem","position":2,"name":"Produtos","item":"https:\/\/rsbobinas.com\/"},{"@type":"ListItem","position":3,"name":"BOBINAS T\u00c9RMICAS 57X300 BRANCA CAIXA COM 06 BOBINAS"}]},{"@type":"WebSite","@id":"https:\/\/rsbobinas.com\/#website","url":"https:\/\/rsbobinas.com\/","name":"RS BOBINAS","description":"(41) 9 99488832  (41) 32791000  Bobinas t\u00e9rmicas para ECF, NFe, PDV, rel\u00f3gio ponto, senha, cart\u00e3o, totem, etiquetas t\u00e9rmicas e outros","publisher":{"@id":"https:\/\/rsbobinas.com\/#organization"},"potentialAction":[{"@type":"SearchAction","target":{"@type":"EntryPoint","urlTemplate":"https:\/\/rsbobinas.com\/?s={search_term_string}"},"query-input":{"@type":"PropertyValueSpecification","valueRequired":true,"valueName":"search_term_string"}}],"inLanguage":"pt-BR"},{"@type":"Organization","@id":"https:\/\/rsbobinas.com\/#organization","name":"RS BOBINAS","url":"https:\/\/rsbobinas.com\/","logo":{"@type":"ImageObject","inLanguage":"pt-BR","@id":"https:\/\/rsbobinas.com\/#\/schema\/logo\/image\/","url":"https:\/\/rsbobinas.com\/wp-content\/uploads\/2021\/01\/RS-BOBINAS-LOGO.jpg","contentUrl":"https:\/\/rsbobinas.com\/wp-content\/uploads\/2021\/01\/RS-BOBINAS-LOGO.jpg","width":440,"height":129,"caption":"RS BOBINAS"},"image":{"@id":"https:\/\/rsbobinas.com\/#\/schema\/logo\/image\/"}}]}},"_links":{"self":[{"href":"https:\/\/rsbobinas.com\/index.php\/wp-json\/wp\/v2\/product\/870","targetHints":{"allow":["GET"]}}],"collection":[{"href":"https:\/\/rsbobinas.com\/index.php\/wp-json\/wp\/v2\/product"}],"about":[{"href":"https:\/\/rsbobinas.com\/index.php\/wp-json\/wp\/v2\/types\/product"}],"wp:featuredmedia":[{"embeddable":true,"href":"https:\/\/rsbobinas.com\/index.php\/wp-json\/wp\/v2\/media\/45"}],"wp:attachment":[{"href":"https:\/\/rsbobinas.com\/index.php\/wp-json\/wp\/v2\/media?parent=870"}],"wp:term":[{"taxonomy":"product_brand","embeddable":true,"href":"https:\/\/rsbobinas.com\/index.php\/wp-json\/wp\/v2\/product_brand?post=870"},{"taxonomy":"product_cat","embeddable":true,"href":"https:\/\/rsbobinas.com\/index.php\/wp-json\/wp\/v2\/product_cat?post=870"},{"taxonomy":"product_tag","embeddable":true,"href":"https:\/\/rsbobinas.com\/index.php\/wp-json\/wp\/v2\/product_tag?post=870"}],"curies":[{"name":"wp","href":"https:\/\/api.w.org\/{rel}","templated":true}]}}